{"id":1964,"date":"2016-05-19T12:24:04","date_gmt":"2016-05-19T12:24:04","guid":{"rendered":"http:\/\/demo.goodlayers.com\/infinite\/homepages\/finance\/?page_id=1281"},"modified":"2025-07-16T19:43:56","modified_gmt":"2025-07-16T18:43:56","slug":"contact","status":"publish","type":"page","link":"https:\/\/actantiel.com\/index.php\/contact\/","title":{"rendered":"Contact"},"content":{"rendered":"","protected":false},"excerpt":{"rendered":"","protected":false},"author":1,"featured_media":0,"parent":0,"menu_order":0,"comment_status":"closed","ping_status":"closed","template":"","meta":[],"yoast_head":"<!-- This site is optimized with the Yoast SEO plugin v15.7 - https:\/\/yoast.com\/wordpress\/plugins\/seo\/ -->\n<title>Artisan du sens au travail. Coaching \u2013 Supervision professionnelle - Psychoth\u00e9rapie. Accompagner et faire \u00e9merger un Leadership inspirant, porteur de sens et cr\u00e9ateur de liens. Sant\u00e9 au travail (Membre du r\u00e9seau RPBO, reconstruction post burn out). Psychoth\u00e9rapie et th\u00e9rapies br\u00e8ves pour adultes.<\/title>\n<meta name=\"description\" content=\"Artisan du sens au travail. Coaching \u2013 Supervision professionnelle - Psychoth\u00e9rapie. Accompagner et faire \u00e9merger un Leadership inspirant, porteur de sens et cr\u00e9ateur de liens. Sant\u00e9 au travail (Membre du r\u00e9seau RPBO, reconstruction post burn out). Psychoth\u00e9rapie et th\u00e9rapies br\u00e8ves pour adultes.\" \/>\n<meta name=\"robots\" content=\"index, follow, max-snippet:-1, max-image-preview:large, max-video-preview:-1\" \/>\n<link rel=\"canonical\" href=\"http:\/\/actantiel.com\/index.php\/contact\/\" \/>\n<meta property=\"og:locale\" content=\"fr_FR\" \/>\n<meta property=\"og:type\" content=\"article\" \/>\n<meta property=\"og:title\" content=\"Artisan du sens au travail. Coaching \u2013 Supervision professionnelle - Psychoth\u00e9rapie. Accompagner et faire \u00e9merger un Leadership inspirant, porteur de sens et cr\u00e9ateur de liens. Sant\u00e9 au travail (Membre du r\u00e9seau RPBO, reconstruction post burn out). Psychoth\u00e9rapie et th\u00e9rapies br\u00e8ves pour adultes.\" \/>\n<meta property=\"og:description\" content=\"Artisan du sens au travail. Coaching \u2013 Supervision professionnelle - Psychoth\u00e9rapie. Accompagner et faire \u00e9merger un Leadership inspirant, porteur de sens et cr\u00e9ateur de liens. Sant\u00e9 au travail (Membre du r\u00e9seau RPBO, reconstruction post burn out). Psychoth\u00e9rapie et th\u00e9rapies br\u00e8ves pour adultes.\" \/>\n<meta property=\"og:url\" content=\"http:\/\/actantiel.com\/index.php\/contact\/\" \/>\n<meta property=\"og:site_name\" content=\"Actantiel\" \/>\n<meta property=\"article:modified_time\" content=\"2025-07-16T18:43:56+00:00\" \/>\n<meta name=\"twitter:card\" content=\"summary_large_image\" \/>\n<script type=\"application\/ld+json\" class=\"yoast-schema-graph\">{\"@context\":\"https:\/\/schema.org\",\"@graph\":[{\"@type\":\"WebSite\",\"@id\":\"http:\/\/actantiel.com\/#website\",\"url\":\"http:\/\/actantiel.com\/\",\"name\":\"Actantiel\",\"description\":\"Artisan du sens au travail\",\"potentialAction\":[{\"@type\":\"SearchAction\",\"target\":\"http:\/\/actantiel.com\/?s={search_term_string}\",\"query-input\":\"required name=search_term_string\"}],\"inLanguage\":\"fr-FR\"},{\"@type\":\"WebPage\",\"@id\":\"http:\/\/actantiel.com\/index.php\/contact\/#webpage\",\"url\":\"http:\/\/actantiel.com\/index.php\/contact\/\",\"name\":\"Artisan du sens au travail. Coaching \\u2013 Supervision professionnelle - Psychoth\\u00e9rapie. Accompagner et faire \\u00e9merger un Leadership inspirant, porteur de sens et cr\\u00e9ateur de liens. Sant\\u00e9 au travail (Membre du r\\u00e9seau RPBO, reconstruction post burn out). Psychoth\\u00e9rapie et th\\u00e9rapies br\\u00e8ves pour adultes.\",\"isPartOf\":{\"@id\":\"http:\/\/actantiel.com\/#website\"},\"datePublished\":\"2016-05-19T12:24:04+00:00\",\"dateModified\":\"2025-07-16T18:43:56+00:00\",\"description\":\"Artisan du sens au travail. Coaching \\u2013 Supervision professionnelle - Psychoth\\u00e9rapie. Accompagner et faire \\u00e9merger un Leadership inspirant, porteur de sens et cr\\u00e9ateur de liens. Sant\\u00e9 au travail (Membre du r\\u00e9seau RPBO, reconstruction post burn out). Psychoth\\u00e9rapie et th\\u00e9rapies br\\u00e8ves pour adultes.\",\"inLanguage\":\"fr-FR\",\"potentialAction\":[{\"@type\":\"ReadAction\",\"target\":[\"http:\/\/actantiel.com\/index.php\/contact\/\"]}]}]}<\/script>\n<!-- \/ Yoast SEO plugin. -->","_links":{"self":[{"href":"https:\/\/actantiel.com\/index.php\/wp-json\/wp\/v2\/pages\/1964"}],"collection":[{"href":"https:\/\/actantiel.com\/index.php\/wp-json\/wp\/v2\/pages"}],"about":[{"href":"https:\/\/actantiel.com\/index.php\/wp-json\/wp\/v2\/types\/page"}],"author":[{"embeddable":true,"href":"https:\/\/actantiel.com\/index.php\/wp-json\/wp\/v2\/users\/1"}],"replies":[{"embeddable":true,"href":"https:\/\/actantiel.com\/index.php\/wp-json\/wp\/v2\/comments?post=1964"}],"version-history":[{"count":5,"href":"https:\/\/actantiel.com\/index.php\/wp-json\/wp\/v2\/pages\/1964\/revisions"}],"predecessor-version":[{"id":5395,"href":"https:\/\/actantiel.com\/index.php\/wp-json\/wp\/v2\/pages\/1964\/revisions\/5395"}],"wp:attachment":[{"href":"https:\/\/actantiel.com\/index.php\/wp-json\/wp\/v2\/media?parent=1964"}],"curies":[{"name":"wp","href":"https:\/\/api.w.org\/{rel}","templated":true}]}}