{"id":2039,"date":"2016-06-11T14:25:44","date_gmt":"2016-06-11T14:25:44","guid":{"rendered":"http:\/\/demo.goodlayers.com\/infinite\/?page_id=2039"},"modified":"2025-07-22T10:01:57","modified_gmt":"2025-07-22T09:01:57","slug":"coaching-supervision-therapie-nantes","status":"publish","type":"page","link":"https:\/\/actantiel.com\/","title":{"rendered":"Accueil"},"content":{"rendered":"","protected":false},"excerpt":{"rendered":"","protected":false},"author":1,"featured_media":0,"parent":0,"menu_order":0,"comment_status":"closed","ping_status":"closed","template":"","meta":[],"yoast_head":"<!-- This site is optimized with the Yoast SEO plugin v15.7 - https:\/\/yoast.com\/wordpress\/plugins\/seo\/ -->\n<title>Artisan du sens au travail. Coaching \u2013 Supervision professionnelle. Accompagner la transformation manag\u00e9riale. Faire \u00e9merger un Leadership inspirant, porteur de sens et cr\u00e9ateur de liens. Sant\u00e9 au travail (Membre du r\u00e9seau RPBO - Reconstruction Post Burn Out). Psychoth\u00e9rapie Adulte et th\u00e9rapies br\u00e8ves.<\/title>\n<meta name=\"description\" content=\"Actantiel accompagne les entreprises et les particuliers gr\u00e2ce \u00e0 trois r\u00f4les compl\u00e9mentaires. Architecte : pour aider \u00e0 la construction du sens et des projets. Entra\u00eeneur : pour favoriser l\u2019expression et le d\u00e9veloppement de comp\u00e9tences nouvelles. Guide : pour veiller \u00e0 proposer \u00e0 l\u2019occasion du parcours entrepris, les protections et les permissions n\u00e9cessaires pour que la personne se r\u00e9v\u00e8le \u00e0 elle-m\u00eame et exprime le potentiel et les ressources dont elle est porteur.\" \/>\n<meta name=\"robots\" content=\"index, follow, max-snippet:-1, max-image-preview:large, max-video-preview:-1\" \/>\n<link rel=\"canonical\" href=\"http:\/\/actantiel.com\/\" \/>\n<meta property=\"og:locale\" content=\"fr_FR\" \/>\n<meta property=\"og:type\" content=\"article\" \/>\n<meta property=\"og:title\" content=\"Artisan du sens au travail. Coaching \u2013 Supervision professionnelle. Accompagner la transformation manag\u00e9riale. Faire \u00e9merger un Leadership inspirant, porteur de sens et cr\u00e9ateur de liens. Sant\u00e9 au travail (Membre du r\u00e9seau RPBO - Reconstruction Post Burn Out). Psychoth\u00e9rapie Adulte et th\u00e9rapies br\u00e8ves.\" \/>\n<meta property=\"og:description\" content=\"Actantiel accompagne les entreprises et les particuliers gr\u00e2ce \u00e0 trois r\u00f4les compl\u00e9mentaires. Architecte : pour aider \u00e0 la construction du sens et des projets. Entra\u00eeneur : pour favoriser l\u2019expression et le d\u00e9veloppement de comp\u00e9tences nouvelles. Guide : pour veiller \u00e0 proposer \u00e0 l\u2019occasion du parcours entrepris, les protections et les permissions n\u00e9cessaires pour que la personne se r\u00e9v\u00e8le \u00e0 elle-m\u00eame et exprime le potentiel et les ressources dont elle est porteur.\" \/>\n<meta property=\"og:url\" content=\"http:\/\/actantiel.com\/\" \/>\n<meta property=\"og:site_name\" content=\"Actantiel\" \/>\n<meta property=\"article:modified_time\" content=\"2025-07-22T09:01:57+00:00\" \/>\n<meta name=\"twitter:card\" content=\"summary_large_image\" \/>\n<script type=\"application\/ld+json\" class=\"yoast-schema-graph\">{\"@context\":\"https:\/\/schema.org\",\"@graph\":[{\"@type\":\"WebSite\",\"@id\":\"http:\/\/actantiel.com\/#website\",\"url\":\"http:\/\/actantiel.com\/\",\"name\":\"Actantiel\",\"description\":\"Artisan du sens au travail\",\"potentialAction\":[{\"@type\":\"SearchAction\",\"target\":\"http:\/\/actantiel.com\/?s={search_term_string}\",\"query-input\":\"required name=search_term_string\"}],\"inLanguage\":\"fr-FR\"},{\"@type\":\"WebPage\",\"@id\":\"http:\/\/actantiel.com\/#webpage\",\"url\":\"http:\/\/actantiel.com\/\",\"name\":\"Artisan du sens au travail. Coaching \\u2013 Supervision professionnelle. Accompagner la transformation manag\\u00e9riale. Faire \\u00e9merger un Leadership inspirant, porteur de sens et cr\\u00e9ateur de liens. Sant\\u00e9 au travail (Membre du r\\u00e9seau RPBO - Reconstruction Post Burn Out). Psychoth\\u00e9rapie Adulte et th\\u00e9rapies br\\u00e8ves.\",\"isPartOf\":{\"@id\":\"http:\/\/actantiel.com\/#website\"},\"datePublished\":\"2016-06-11T14:25:44+00:00\",\"dateModified\":\"2025-07-22T09:01:57+00:00\",\"description\":\"Actantiel accompagne les entreprises et les particuliers gr\\u00e2ce \\u00e0 trois r\\u00f4les compl\\u00e9mentaires. Architecte : pour aider \\u00e0 la construction du sens et des projets. Entra\\u00eeneur : pour favoriser l\\u2019expression et le d\\u00e9veloppement de comp\\u00e9tences nouvelles. Guide : pour veiller \\u00e0 proposer \\u00e0 l\\u2019occasion du parcours entrepris, les protections et les permissions n\\u00e9cessaires pour que la personne se r\\u00e9v\\u00e8le \\u00e0 elle-m\\u00eame et exprime le potentiel et les ressources dont elle est porteur.\",\"inLanguage\":\"fr-FR\",\"potentialAction\":[{\"@type\":\"ReadAction\",\"target\":[\"http:\/\/actantiel.com\/\"]}]}]}<\/script>\n<!-- \/ Yoast SEO plugin. -->","_links":{"self":[{"href":"https:\/\/actantiel.com\/index.php\/wp-json\/wp\/v2\/pages\/2039"}],"collection":[{"href":"https:\/\/actantiel.com\/index.php\/wp-json\/wp\/v2\/pages"}],"about":[{"href":"https:\/\/actantiel.com\/index.php\/wp-json\/wp\/v2\/types\/page"}],"author":[{"embeddable":true,"href":"https:\/\/actantiel.com\/index.php\/wp-json\/wp\/v2\/users\/1"}],"replies":[{"embeddable":true,"href":"https:\/\/actantiel.com\/index.php\/wp-json\/wp\/v2\/comments?post=2039"}],"version-history":[{"count":5,"href":"https:\/\/actantiel.com\/index.php\/wp-json\/wp\/v2\/pages\/2039\/revisions"}],"predecessor-version":[{"id":5396,"href":"https:\/\/actantiel.com\/index.php\/wp-json\/wp\/v2\/pages\/2039\/revisions\/5396"}],"wp:attachment":[{"href":"https:\/\/actantiel.com\/index.php\/wp-json\/wp\/v2\/media?parent=2039"}],"curies":[{"name":"wp","href":"https:\/\/api.w.org\/{rel}","templated":true}]}}