{"id":3636,"date":"2019-11-13T11:59:59","date_gmt":"2019-11-13T10:59:59","guid":{"rendered":"http:\/\/actantiel.com\/?page_id=3636"},"modified":"2024-12-06T18:24:29","modified_gmt":"2024-12-06T17:24:29","slug":"ressources","status":"publish","type":"page","link":"https:\/\/actantiel.com\/index.php\/ressources\/","title":{"rendered":"Ressources"},"content":{"rendered":"","protected":false},"excerpt":{"rendered":"","protected":false},"author":1,"featured_media":0,"parent":0,"menu_order":0,"comment_status":"closed","ping_status":"closed","template":"","meta":[],"yoast_head":"<!-- This site is optimized with the Yoast SEO plugin v15.7 - https:\/\/yoast.com\/wordpress\/plugins\/seo\/ -->\n<title>Artisan du sens au travail. Coaching \u2013 Supervision professionnelle. Accompagner la transformation manag\u00e9riale. Faire \u00e9merger un Leadership inspirant, porteur de sens et cr\u00e9ateur de liens. Sant\u00e9 au travail (Membre du r\u00e9seau RPBO, reconstruction post burn out). Psychoth\u00e9rapie Adulte.<\/title>\n<meta name=\"description\" content=\"Artisan du sens au travail. Coaching \u2013 Supervision professionnelle. Accompagner la transformation manag\u00e9riale. Faire \u00e9merger un Leadership inspirant, porteur de sens et cr\u00e9ateur de liens. Sant\u00e9 au travail (Membre du r\u00e9seau RPBO, reconstruction post burn out). Psychoth\u00e9rapie Adulte.\" \/>\n<meta name=\"robots\" content=\"index, follow, max-snippet:-1, max-image-preview:large, max-video-preview:-1\" \/>\n<link rel=\"canonical\" href=\"http:\/\/actantiel.com\/index.php\/ressources\/\" \/>\n<meta property=\"og:locale\" content=\"fr_FR\" \/>\n<meta property=\"og:type\" content=\"article\" \/>\n<meta property=\"og:title\" content=\"Artisan du sens au travail. Coaching \u2013 Supervision professionnelle. Accompagner la transformation manag\u00e9riale. Faire \u00e9merger un Leadership inspirant, porteur de sens et cr\u00e9ateur de liens. Sant\u00e9 au travail (Membre du r\u00e9seau RPBO, reconstruction post burn out). Psychoth\u00e9rapie Adulte.\" \/>\n<meta property=\"og:description\" content=\"Artisan du sens au travail. Coaching \u2013 Supervision professionnelle. Accompagner la transformation manag\u00e9riale. Faire \u00e9merger un Leadership inspirant, porteur de sens et cr\u00e9ateur de liens. Sant\u00e9 au travail (Membre du r\u00e9seau RPBO, reconstruction post burn out). Psychoth\u00e9rapie Adulte.\" \/>\n<meta property=\"og:url\" content=\"http:\/\/actantiel.com\/index.php\/ressources\/\" \/>\n<meta property=\"og:site_name\" content=\"Actantiel\" \/>\n<meta property=\"article:modified_time\" content=\"2024-12-06T17:24:29+00:00\" \/>\n<meta name=\"twitter:card\" content=\"summary_large_image\" \/>\n<script type=\"application\/ld+json\" class=\"yoast-schema-graph\">{\"@context\":\"https:\/\/schema.org\",\"@graph\":[{\"@type\":\"WebSite\",\"@id\":\"http:\/\/actantiel.com\/#website\",\"url\":\"http:\/\/actantiel.com\/\",\"name\":\"Actantiel\",\"description\":\"Artisan du sens au travail\",\"potentialAction\":[{\"@type\":\"SearchAction\",\"target\":\"http:\/\/actantiel.com\/?s={search_term_string}\",\"query-input\":\"required name=search_term_string\"}],\"inLanguage\":\"fr-FR\"},{\"@type\":\"WebPage\",\"@id\":\"http:\/\/actantiel.com\/index.php\/ressources\/#webpage\",\"url\":\"http:\/\/actantiel.com\/index.php\/ressources\/\",\"name\":\"Artisan du sens au travail. Coaching \\u2013 Supervision professionnelle. Accompagner la transformation manag\\u00e9riale. Faire \\u00e9merger un Leadership inspirant, porteur de sens et cr\\u00e9ateur de liens. Sant\\u00e9 au travail (Membre du r\\u00e9seau RPBO, reconstruction post burn out). Psychoth\\u00e9rapie Adulte.\",\"isPartOf\":{\"@id\":\"http:\/\/actantiel.com\/#website\"},\"datePublished\":\"2019-11-13T10:59:59+00:00\",\"dateModified\":\"2024-12-06T17:24:29+00:00\",\"description\":\"Artisan du sens au travail. Coaching \\u2013 Supervision professionnelle. Accompagner la transformation manag\\u00e9riale. Faire \\u00e9merger un Leadership inspirant, porteur de sens et cr\\u00e9ateur de liens. Sant\\u00e9 au travail (Membre du r\\u00e9seau RPBO, reconstruction post burn out). Psychoth\\u00e9rapie Adulte.\",\"inLanguage\":\"fr-FR\",\"potentialAction\":[{\"@type\":\"ReadAction\",\"target\":[\"http:\/\/actantiel.com\/index.php\/ressources\/\"]}]}]}<\/script>\n<!-- \/ Yoast SEO plugin. -->","_links":{"self":[{"href":"https:\/\/actantiel.com\/index.php\/wp-json\/wp\/v2\/pages\/3636"}],"collection":[{"href":"https:\/\/actantiel.com\/index.php\/wp-json\/wp\/v2\/pages"}],"about":[{"href":"https:\/\/actantiel.com\/index.php\/wp-json\/wp\/v2\/types\/page"}],"author":[{"embeddable":true,"href":"https:\/\/actantiel.com\/index.php\/wp-json\/wp\/v2\/users\/1"}],"replies":[{"embeddable":true,"href":"https:\/\/actantiel.com\/index.php\/wp-json\/wp\/v2\/comments?post=3636"}],"version-history":[{"count":5,"href":"https:\/\/actantiel.com\/index.php\/wp-json\/wp\/v2\/pages\/3636\/revisions"}],"predecessor-version":[{"id":5380,"href":"https:\/\/actantiel.com\/index.php\/wp-json\/wp\/v2\/pages\/3636\/revisions\/5380"}],"wp:attachment":[{"href":"https:\/\/actantiel.com\/index.php\/wp-json\/wp\/v2\/media?parent=3636"}],"curies":[{"name":"wp","href":"https:\/\/api.w.org\/{rel}","templated":true}]}}